{"id":3234,"date":"2024-01-11T15:44:55","date_gmt":"2024-01-11T14:44:55","guid":{"rendered":"https:\/\/yogafolks.se\/schema"},"modified":"2026-01-12T13:21:09","modified_gmt":"2026-01-12T12:21:09","slug":"schema","status":"publish","type":"page","link":"https:\/\/yogafolks.se\/sv\/schema","title":{"rendered":"Schema"},"content":{"rendered":"<section class=\"l-section wpb_row us_custom_4188462c height_small color_alternate\"><div class=\"l-section-h i-cf\"><div class=\"g-cols vc_row via_grid cols_1 laptops-cols_inherit tablets-cols_inherit mobiles-cols_1 valign_top type_default stacking_default\"><div class=\"wpb_column vc_column_container\"><div class=\"vc_column-inner\"><div class=\"wpb_text_column ohno\"><div class=\"wpb_wrapper\"><h1 style=\"text-align: center;\">Schema<\/h1>\n<\/div><\/div><div class=\"w-separator size_small\"><\/div><div class=\"wpb_text_column us_custom_b4198c51\"><div class=\"wpb_wrapper\"><p style=\"text-align: center;\">Read about our selection of classes <a href=\"https:\/\/yogafolks.se\/classes\/yoga-folks-selection-of-classes\">here.<\/a><\/p>\n<\/div><\/div><div class=\"w-separator size_small\"><\/div><div class=\"w-btn-wrapper align_center\"><a class=\"w-btn us-btn-style_1 icon_atright\" target=\"_blank\" href=\"https:\/\/yogafolks.se\/wp-content\/uploads\/Yoga-Folks-Spring-Schedule-2026.pdf\"><span class=\"w-btn-label\">Se v\u00e5rens schema<\/span><i class=\"fas fa-file-pdf\"><\/i><\/a><\/div><div class=\"w-separator size_small\"><\/div><div class=\"w-html\"><iframe \n    id=\"mana-schedule\" \n    src=\"https:\/\/www.getmana.app\/s\/yogafolks\/embed\/schedule?bg=%233a3468&fg=%23ffd400&eventColor=%23ffd400&eventFg=%23ffd400&primary=%23ffd400&primaryFg=%233a3468\" \n    style=\"width: 100%; height: 800px;\"\n    frameborder=\"0\" \n    scrolling=\"no\"\n    ><\/iframe>\n  <script src=\"https:\/\/www.getmana.app\/embed.js\"><\/script><\/div><\/div><\/div><\/div><\/div><\/section><section class=\"l-section wpb_row height_medium color_alternate\" id=\"our_app\"><div class=\"l-section-h i-cf\"><div class=\"g-cols vc_row via_grid cols_2 laptops-cols_inherit tablets-cols_inherit mobiles-cols_1 valign_top type_default stacking_default\"><div class=\"wpb_column vc_column_container\"><div class=\"vc_column-inner\"><div class=\"w-image align_center\"><div class=\"w-image-h\"><img decoding=\"async\" width=\"768\" height=\"737\" src=\"https:\/\/yogafolks.se\/wp-content\/uploads\/Yoga-Folks-App.webp\" class=\"attachment-full size-full\" alt=\"\" loading=\"lazy\" srcset=\"https:\/\/yogafolks.se\/wp-content\/uploads\/Yoga-Folks-App.webp 768w, https:\/\/yogafolks.se\/wp-content\/uploads\/Yoga-Folks-App-300x288.webp 300w, https:\/\/yogafolks.se\/wp-content\/uploads\/Yoga-Folks-App-200x192.webp 200w, https:\/\/yogafolks.se\/wp-content\/uploads\/Yoga-Folks-App-417x400.webp 417w\" sizes=\"auto, (max-width: 768px) 100vw, 768px\" \/><\/div><\/div><\/div><\/div><div class=\"wpb_column vc_column_container\"><div class=\"vc_column-inner\"><div class=\"wpb_text_column us_custom_3a6bfa75\"><div class=\"wpb_wrapper\"><p>Yoga Folks App<\/p>\n<\/div><\/div><div class=\"wpb_text_column us_custom_ffec425d\"><div class=\"wpb_wrapper\"><h1>Hej Foxy, ladda ner v\u00e5r app.<\/h1>\n<\/div><\/div><div class=\"w-separator size_small\"><\/div><div class=\"wpb_text_column us_custom_1e8286f0\"><div class=\"wpb_wrapper\"><p>Hoppa in, kolla runt och upplev allt vi har att erbjuda \u2013 oh yes! Ta med dig Yoga Folks-viben direkt till mobilen. Boka klasser, se schemat, h\u00e5ll dig uppdaterad om de senaste nyheterna och mycket mer.<\/p>\n<\/div><\/div><div class=\"w-separator size_large\"><\/div><div class=\"w-hwrapper valign_top align_none\" style=\"--hwrapper-gap:1rem\"><div class=\"w-image us_custom_685c41df has_height align_none\"><a target=\"_blank\" href=\"https:\/\/apps.apple.com\/us\/app\/yoga-folks\/id1568797891\" aria-label=\"downlad_app_store-300x100\" class=\"w-image-h\"><img decoding=\"async\" width=\"300\" height=\"100\" src=\"https:\/\/yogafolks.se\/wp-content\/uploads\/downlad_app_store-300x100-1.webp\" class=\"attachment-full size-full\" alt=\"\" loading=\"lazy\" srcset=\"https:\/\/yogafolks.se\/wp-content\/uploads\/downlad_app_store-300x100-1.webp 300w, https:\/\/yogafolks.se\/wp-content\/uploads\/downlad_app_store-300x100-1-200x67.webp 200w\" sizes=\"auto, (max-width: 300px) 100vw, 300px\" \/><\/a><\/div><div class=\"w-image us_custom_685c41df has_height align_none\"><a target=\"_blank\" href=\"https:\/\/play.google.com\/store\/apps\/details?id=ie.zappy.fennec.yogafolks\" aria-label=\"downlad_google_play-200x60\" class=\"w-image-h\"><img decoding=\"async\" width=\"200\" height=\"60\" src=\"https:\/\/yogafolks.se\/wp-content\/uploads\/downlad_google_play-200x60-1.webp\" class=\"attachment-full size-full\" alt=\"\" loading=\"lazy\" \/><\/a><\/div><\/div><\/div><\/div><\/div><\/div><\/section><section class=\"l-section wpb_row us_custom_77e102a2 height_medium color_alternate\"><div class=\"l-section-h i-cf\"><div class=\"g-cols vc_row via_grid cols_1 laptops-cols_inherit tablets-cols_inherit mobiles-cols_1 valign_top type_default stacking_default\"><div class=\"wpb_column vc_column_container\"><div class=\"vc_column-inner\"><div class=\"wpb_text_column\"><div class=\"wpb_wrapper\"><h1 style=\"text-align: center;\">Kommande<\/h1>\n<\/div><\/div><div class=\"w-separator size_small\"><\/div><div class=\"w-grid us_grid type_grid layout_225 hidden cols_4 valign_center overflow_hidden preload_style_spinner\" id=\"us_grid_1\" style=\"--columns:4;--gap:10px;\" data-filterable=\"true\"><style>@media (max-width:1380px){#us_grid_1{--columns:3!important}}@media (max-width:1024px){#us_grid_1{--columns:2!important}}@media (max-width:600px){#us_grid_1{--columns:1!important}}.layout_225 .w-grid-item-h{background:#8ABEAC;color:#000000;border-radius:0.3rem;box-shadow:0 0.03rem 0.06rem rgba(0,0,0,0.1),0 0.1rem 0.3rem rgba(0,0,0,0.1);transition-duration:0.3s}.no-touch .layout_225 .w-grid-item-h:hover{box-shadow:0 0.12rem 0.24rem rgba(0,0,0,0.1),0 0.4rem 1.2rem rgba(0,0,0,0.15);z-index:4}.layout_225 .usg_vwrapper_1{min-height:160px!important;padding:5% 8% 8% 8%!important}.layout_225 .usg_hwrapper_1{margin-bottom:0.4rem!important}.layout_225 .usg_post_title_1{color:inherit!important;font-weight:700!important;font-size:1.4rem!important}.layout_225 .usg_post_custom_field_1{font-size:0.8rem!important}.layout_225 .usg_post_custom_field_2{font-size:0.8rem!important}@media (max-width:600px){.layout_225 .usg_post_title_1{font-size:1.2rem!important}}<\/style><div class=\"w-grid-list\"><\/div>\t<div class=\"w-grid-preloader\">\r\n\t\t<div class=\"g-preloader type_2\">\r\n\t\t\t<div><\/div>\r\n\t\t<\/div>\r\n\t<\/div>\r\n\t\t<div class=\"w-grid-json hidden\" onclick='return {&quot;action&quot;:&quot;us_ajax_grid&quot;,&quot;infinite_scroll&quot;:0,&quot;max_num_pages&quot;:0,&quot;pagination&quot;:&quot;none&quot;,&quot;template_vars&quot;:{&quot;columns&quot;:&quot;4&quot;,&quot;exclude_items&quot;:&quot;prev&quot;,&quot;img_size&quot;:&quot;default&quot;,&quot;ignore_items_size&quot;:0,&quot;items_layout&quot;:&quot;225&quot;,&quot;items_offset&quot;:&quot;1&quot;,&quot;load_animation&quot;:&quot;none&quot;,&quot;overriding_link&quot;:&quot;%7B%22type%22%3A%22post%22%7D&quot;,&quot;post_id&quot;:0,&quot;query_args&quot;:{&quot;post_type&quot;:[&quot;post&quot;],&quot;tax_query&quot;:[{&quot;taxonomy&quot;:&quot;post_tag&quot;,&quot;field&quot;:&quot;slug&quot;,&quot;terms&quot;:[&quot;courses&quot;,&quot;event&quot;]}],&quot;post_status&quot;:[&quot;publish&quot;,&quot;acf-disabled&quot;],&quot;posts_per_page&quot;:&quot;4&quot;},&quot;orderby_query_args&quot;:{&quot;orderby&quot;:{&quot;date&quot;:&quot;ASC&quot;}},&quot;type&quot;:&quot;grid&quot;,&quot;us_grid_post_type&quot;:&quot;post&quot;,&quot;us_grid_ajax_index&quot;:1,&quot;us_grid_filter_query_string&quot;:null,&quot;us_grid_index&quot;:1,&quot;page_args&quot;:[],&quot;lang&quot;:&quot;sv&quot;}}'><\/div>\r\n\t<\/div><div class=\"w-grid-none type_message\">Inga resultat hittades.<\/div><div class=\"w-separator size_small\"><\/div><div class=\"w-btn-wrapper align_center\"><a class=\"w-btn us-btn-style_1 us_custom_f0b9c96d\" href=\"https:\/\/yogafolks.se\/sv\/kurser-evenemang\"><span class=\"w-btn-label\">se alla<\/span><\/a><\/div><\/div><\/div><\/div><\/div><\/section>\n","protected":false},"excerpt":{"rendered":"Schema Read about our selection of classes here. Se v\u00e5rens schema Yoga Folks App Hej Foxy, ladda ner v\u00e5r app. Hoppa in, kolla runt och upplev allt vi har att erbjuda \u2013 oh yes! Ta med dig Yoga Folks-viben direkt till mobilen. Boka klasser, se schemat, h\u00e5ll dig uppdaterad om de senaste nyheterna och mycket...","protected":false},"author":1,"featured_media":0,"parent":0,"menu_order":0,"comment_status":"closed","ping_status":"closed","template":"","meta":{"_acf_changed":false,"footnotes":""},"class_list":["post-3234","page","type-page","status-publish","hentry"],"acf":[],"yoast_head":"<!-- This site is optimized with the Yoast SEO plugin v27.5 - https:\/\/yoast.com\/product\/yoast-seo-wordpress\/ -->\n<title>Schema - Yoga Folks<\/title>\n<meta name=\"description\" content=\"H\u00e4r hittar du schemat f\u00f6r v\u00e5r yogastudio, d\u00e4r du kan boka vinyasa yoga, yin yoga, rocket vinyasa, meditation och andra h\u00e4rliga yoga-klasser.\" \/>\n<meta name=\"robots\" content=\"index, follow, max-snippet:-1, max-image-preview:large, max-video-preview:-1\" \/>\n<link rel=\"canonical\" href=\"https:\/\/yogafolks.se\/sv\/schema\" \/>\n<meta property=\"og:locale\" content=\"sv_SE\" \/>\n<meta property=\"og:type\" content=\"article\" \/>\n<meta property=\"og:title\" content=\"Schema - Yoga Folks\" \/>\n<meta property=\"og:description\" content=\"H\u00e4r hittar du schemat f\u00f6r v\u00e5r yogastudio, d\u00e4r du kan boka vinyasa yoga, yin yoga, rocket vinyasa, meditation och andra h\u00e4rliga yoga-klasser.\" \/>\n<meta property=\"og:url\" content=\"https:\/\/yogafolks.se\/sv\/schema\" \/>\n<meta property=\"og:site_name\" content=\"Yoga Folks\" \/>\n<meta property=\"article:publisher\" content=\"https:\/\/www.facebook.com\/yogafolks\" \/>\n<meta property=\"article:modified_time\" content=\"2026-01-12T12:21:09+00:00\" \/>\n<meta name=\"twitter:card\" content=\"summary_large_image\" \/>\n<meta name=\"twitter:label1\" content=\"Ber\u00e4knad l\u00e4stid\" \/>\n\t<meta name=\"twitter:data1\" content=\"1 minut\" \/>\n<!-- \/ Yoast SEO plugin. -->","yoast_head_json":{"title":"Schema - Yoga Folks","description":"H\u00e4r hittar du schemat f\u00f6r v\u00e5r yogastudio, d\u00e4r du kan boka vinyasa yoga, yin yoga, rocket vinyasa, meditation och andra h\u00e4rliga yoga-klasser.","robots":{"index":"index","follow":"follow","max-snippet":"max-snippet:-1","max-image-preview":"max-image-preview:large","max-video-preview":"max-video-preview:-1"},"canonical":"https:\/\/yogafolks.se\/sv\/schema","og_locale":"sv_SE","og_type":"article","og_title":"Schema - Yoga Folks","og_description":"H\u00e4r hittar du schemat f\u00f6r v\u00e5r yogastudio, d\u00e4r du kan boka vinyasa yoga, yin yoga, rocket vinyasa, meditation och andra h\u00e4rliga yoga-klasser.","og_url":"https:\/\/yogafolks.se\/sv\/schema","og_site_name":"Yoga Folks","article_publisher":"https:\/\/www.facebook.com\/yogafolks","article_modified_time":"2026-01-12T12:21:09+00:00","twitter_card":"summary_large_image","twitter_misc":{"Ber\u00e4knad l\u00e4stid":"1 minut"},"schema":{"@context":"https:\/\/schema.org","@graph":[{"@type":"WebPage","@id":"https:\/\/yogafolks.se\/sv\/schema","url":"https:\/\/yogafolks.se\/sv\/schema","name":"Schema - Yoga Folks","isPartOf":{"@id":"https:\/\/yogafolks.se\/sv#website"},"datePublished":"2024-01-11T14:44:55+00:00","dateModified":"2026-01-12T12:21:09+00:00","description":"H\u00e4r hittar du schemat f\u00f6r v\u00e5r yogastudio, d\u00e4r du kan boka vinyasa yoga, yin yoga, rocket vinyasa, meditation och andra h\u00e4rliga yoga-klasser.","breadcrumb":{"@id":"https:\/\/yogafolks.se\/sv\/schema#breadcrumb"},"inLanguage":"sv-SE","potentialAction":[{"@type":"ReadAction","target":["https:\/\/yogafolks.se\/sv\/schema"]}]},{"@type":"BreadcrumbList","@id":"https:\/\/yogafolks.se\/sv\/schema#breadcrumb","itemListElement":[{"@type":"ListItem","position":1,"name":"Home","item":"https:\/\/yogafolks.se\/sv"},{"@type":"ListItem","position":2,"name":"Schema"}]},{"@type":"WebSite","@id":"https:\/\/yogafolks.se\/sv#website","url":"https:\/\/yogafolks.se\/sv","name":"Yoga Folks","description":"Yogastudio p\u00e5 S\u00f6dermalm i Stockholm","publisher":{"@id":"https:\/\/yogafolks.se\/sv#organization"},"potentialAction":[{"@type":"SearchAction","target":{"@type":"EntryPoint","urlTemplate":"https:\/\/yogafolks.se\/sv?s={search_term_string}"},"query-input":{"@type":"PropertyValueSpecification","valueRequired":true,"valueName":"search_term_string"}}],"inLanguage":"sv-SE"},{"@type":"Organization","@id":"https:\/\/yogafolks.se\/sv#organization","name":"Yoga Folks","url":"https:\/\/yogafolks.se\/sv","logo":{"@type":"ImageObject","inLanguage":"sv-SE","@id":"https:\/\/yogafolks.se\/sv#\/schema\/logo\/image\/","url":"https:\/\/yogafolks.se\/wp-content\/uploads\/YogaFolks_Logo_LockUp_500px_CMYK.png","contentUrl":"https:\/\/yogafolks.se\/wp-content\/uploads\/YogaFolks_Logo_LockUp_500px_CMYK.png","width":500,"height":480,"caption":"Yoga Folks"},"image":{"@id":"https:\/\/yogafolks.se\/sv#\/schema\/logo\/image\/"},"sameAs":["https:\/\/www.facebook.com\/yogafolks","https:\/\/www.instagram.com\/yogafolkssthlm\/"]}]}},"publishpress_future_workflow_manual_trigger":{"enabledWorkflows":[]},"_links":{"self":[{"href":"https:\/\/yogafolks.se\/sv\/wp-json\/wp\/v2\/pages\/3234","targetHints":{"allow":["GET"]}}],"collection":[{"href":"https:\/\/yogafolks.se\/sv\/wp-json\/wp\/v2\/pages"}],"about":[{"href":"https:\/\/yogafolks.se\/sv\/wp-json\/wp\/v2\/types\/page"}],"author":[{"embeddable":true,"href":"https:\/\/yogafolks.se\/sv\/wp-json\/wp\/v2\/users\/1"}],"replies":[{"embeddable":true,"href":"https:\/\/yogafolks.se\/sv\/wp-json\/wp\/v2\/comments?post=3234"}],"version-history":[{"count":9,"href":"https:\/\/yogafolks.se\/sv\/wp-json\/wp\/v2\/pages\/3234\/revisions"}],"predecessor-version":[{"id":6167,"href":"https:\/\/yogafolks.se\/sv\/wp-json\/wp\/v2\/pages\/3234\/revisions\/6167"}],"wp:attachment":[{"href":"https:\/\/yogafolks.se\/sv\/wp-json\/wp\/v2\/media?parent=3234"}],"curies":[{"name":"wp","href":"https:\/\/api.w.org\/{rel}","templated":true}]}}