{"id":3249,"date":"2024-01-22T18:19:12","date_gmt":"2024-01-22T17:19:12","guid":{"rendered":"https:\/\/yogafolks.se\/medlemskap"},"modified":"2025-11-06T11:53:52","modified_gmt":"2025-11-06T10:53:52","slug":"medlemskap","status":"publish","type":"page","link":"https:\/\/yogafolks.se\/sv\/medlemskap","title":{"rendered":"Medlemskap"},"content":{"rendered":"<section class=\"l-section wpb_row us_custom_4188462c height_medium color_alternate\"><div class=\"l-section-h i-cf\"><div class=\"g-cols vc_row via_grid cols_1 laptops-cols_inherit tablets-cols_inherit mobiles-cols_1 valign_top type_default stacking_default\"><div class=\"wpb_column vc_column_container\"><div class=\"vc_column-inner\"><div class=\"w-image us_custom_b8cdff28 hide_on_mobiles has_height align_none\"><div class=\"w-image-h\"><img decoding=\"async\" width=\"1080\" height=\"1080\" src=\"https:\/\/yogafolks.se\/wp-content\/uploads\/Support-Yoga-Folks.webp\" class=\"attachment-full size-full\" alt=\"\" loading=\"lazy\" srcset=\"https:\/\/yogafolks.se\/wp-content\/uploads\/Support-Yoga-Folks.webp 1080w, https:\/\/yogafolks.se\/wp-content\/uploads\/Support-Yoga-Folks-300x300.webp 300w, https:\/\/yogafolks.se\/wp-content\/uploads\/Support-Yoga-Folks-1024x1024.webp 1024w, https:\/\/yogafolks.se\/wp-content\/uploads\/Support-Yoga-Folks-150x150.webp 150w, https:\/\/yogafolks.se\/wp-content\/uploads\/Support-Yoga-Folks-200x200.webp 200w, https:\/\/yogafolks.se\/wp-content\/uploads\/Support-Yoga-Folks-400x400.webp 400w\" sizes=\"auto, (max-width: 1080px) 100vw, 1080px\" \/><\/div><\/div><div class=\"g-cols wpb_row via_grid cols_1 laptops-cols_inherit tablets-cols_inherit mobiles-cols_1 valign_top type_default stacking_default\" style=\"--columns-gap:3rem;\"><div class=\"wpb_column vc_column_container\"><div class=\"vc_column-inner\"><div class=\"wpb_text_column ohno\"><div class=\"wpb_wrapper\"><h1 style=\"text-align: center;\">Medlemskap<\/h1>\n<\/div><\/div><div class=\"w-separator size_small\"><\/div><div class=\"wpb_text_column us_custom_0dedfc66\"><div class=\"wpb_wrapper\"><h5><strong>Kolla in v\u00e5ra grymma medlemskapserbjudanden f\u00f6r studion! Ta chansen eller \u00e5ngra dig senare, wild child. <\/strong><\/h5>\n<\/div><\/div><div class=\"w-separator size_small\"><\/div><div class=\"wpb_text_column us_custom_0dedfc66\"><div class=\"wpb_wrapper\"><p><strong>Student? Arbetsl\u00f6s? Pension\u00e4r? F\u00f6r\u00e4ldraledig? <\/strong><br \/>\nMaila oss f\u00f6r att <a href=\"mailto:hello@yogafolks.se\">hello@yogafolks.se<\/a> och f\u00e5 20% rabatt p\u00e5 ditt medlemskap.<\/p>\n<p>Alla medlemskap kvalificerar sig f\u00f6r friskv\u00e5rd.<\/p>\n<\/div><\/div><div class=\"w-separator size_small\"><\/div><div class=\"w-html\"><iframe \n  id=\"mana-memberships\" \n  src=\"https:\/\/www.getmana.app\/s\/yogafolks\/embed\/memberships?bg=%233a3468&fg=%23ffd400&primary=%23ffd400\" \n  style=\"width: 100%; height: 600px;\" \n  frameborder=\"0\" \n  scrolling=\"no\"\n  ><\/iframe>\n<script src=\"https:\/\/www.getmana.app\/embed.js\"><\/script><\/div><div class=\"w-html\"><iframe \n  id=\"mana-credits\" \n  src=\"https:\/\/www.getmana.app\/s\/yogafolks\/embed\/credits?bg=%233a3468&fg=%23ffd400&primary=%23ffd400\" \n  style=\"width: 100%; height: 600px;\" \n  frameborder=\"0\" \n  scrolling=\"no\"\n  ><\/iframe>\n<script src=\"https:\/\/www.getmana.app\/embed.js\"><\/script><\/div><\/div><\/div><\/div><div class=\"g-cols wpb_row via_grid cols_1 laptops-cols_inherit tablets-cols_inherit mobiles-cols_1 valign_top type_default stacking_default\" style=\"--columns-gap:3rem;\"><div class=\"wpb_column vc_column_container\"><div class=\"vc_column-inner\"><div class=\"wpb_text_column\"><div class=\"wpb_wrapper\"><p style=\"text-align: center;\">F\u00f6r den mest saftiga smidiga upplevelsen att boka klasser och g\u00f6ra ink\u00f6p<\/p>\n<\/div><\/div><div class=\"w-separator size_small\"><\/div><div class=\"w-btn-wrapper align_center\"><a class=\"w-btn us-btn-style_1\" href=\"https:\/\/www.getmana.app\/s\/yogafolks\/install-app\"><span class=\"w-btn-label\">Ladda ner v\u00e5r app<\/span><\/a><\/div><div class=\"w-separator size_medium\"><\/div><\/div><\/div><\/div><\/div><\/div><\/div><\/div><\/section>\n","protected":false},"excerpt":{"rendered":"Medlemskap Kolla in v\u00e5ra grymma medlemskapserbjudanden f\u00f6r studion! Ta chansen eller \u00e5ngra dig senare, wild child. Student? Arbetsl\u00f6s? Pension\u00e4r? F\u00f6r\u00e4ldraledig? Maila oss f\u00f6r att hello@yogafolks.se och f\u00e5 20% rabatt p\u00e5 ditt medlemskap. Alla medlemskap kvalificerar sig f\u00f6r friskv\u00e5rd. F\u00f6r den mest saftiga smidiga upplevelsen att boka klasser och g\u00f6ra ink\u00f6p Ladda ner v\u00e5r app","protected":false},"author":1,"featured_media":0,"parent":0,"menu_order":0,"comment_status":"closed","ping_status":"closed","template":"","meta":{"_acf_changed":false,"footnotes":""},"class_list":["post-3249","page","type-page","status-publish","hentry"],"acf":[],"yoast_head":"<!-- This site is optimized with the Yoast SEO plugin v27.5 - https:\/\/yoast.com\/product\/yoast-seo-wordpress\/ -->\n<title>Medlemskap - Yoga Folks<\/title>\n<meta name=\"description\" content=\"Kolla in v\u00e5ra grymma medlemskapserbjudanden! Ta chansen eller \u00e5ngra dig senare, wild child. Alla medlemskap kvalificerar f\u00f6r friskv\u00e5rdsbidrag.\" \/>\n<meta name=\"robots\" content=\"index, follow, max-snippet:-1, max-image-preview:large, max-video-preview:-1\" \/>\n<link rel=\"canonical\" href=\"https:\/\/yogafolks.se\/sv\/medlemskap\" \/>\n<meta property=\"og:locale\" content=\"sv_SE\" \/>\n<meta property=\"og:type\" content=\"article\" \/>\n<meta property=\"og:title\" content=\"Medlemskap - Yoga Folks\" \/>\n<meta property=\"og:description\" content=\"Kolla in v\u00e5ra grymma medlemskapserbjudanden! Ta chansen eller \u00e5ngra dig senare, wild child. Alla medlemskap kvalificerar f\u00f6r friskv\u00e5rdsbidrag.\" \/>\n<meta property=\"og:url\" content=\"https:\/\/yogafolks.se\/sv\/medlemskap\" \/>\n<meta property=\"og:site_name\" content=\"Yoga Folks\" \/>\n<meta property=\"article:publisher\" content=\"https:\/\/www.facebook.com\/yogafolks\" \/>\n<meta property=\"article:modified_time\" content=\"2025-11-06T10:53:52+00:00\" \/>\n<meta name=\"twitter:card\" content=\"summary_large_image\" \/>\n<meta name=\"twitter:label1\" content=\"Ber\u00e4knad l\u00e4stid\" \/>\n\t<meta name=\"twitter:data1\" content=\"1 minut\" \/>\n<!-- \/ Yoast SEO plugin. -->","yoast_head_json":{"title":"Medlemskap - Yoga Folks","description":"Kolla in v\u00e5ra grymma medlemskapserbjudanden! Ta chansen eller \u00e5ngra dig senare, wild child. Alla medlemskap kvalificerar f\u00f6r friskv\u00e5rdsbidrag.","robots":{"index":"index","follow":"follow","max-snippet":"max-snippet:-1","max-image-preview":"max-image-preview:large","max-video-preview":"max-video-preview:-1"},"canonical":"https:\/\/yogafolks.se\/sv\/medlemskap","og_locale":"sv_SE","og_type":"article","og_title":"Medlemskap - Yoga Folks","og_description":"Kolla in v\u00e5ra grymma medlemskapserbjudanden! Ta chansen eller \u00e5ngra dig senare, wild child. Alla medlemskap kvalificerar f\u00f6r friskv\u00e5rdsbidrag.","og_url":"https:\/\/yogafolks.se\/sv\/medlemskap","og_site_name":"Yoga Folks","article_publisher":"https:\/\/www.facebook.com\/yogafolks","article_modified_time":"2025-11-06T10:53:52+00:00","twitter_card":"summary_large_image","twitter_misc":{"Ber\u00e4knad l\u00e4stid":"1 minut"},"schema":{"@context":"https:\/\/schema.org","@graph":[{"@type":"WebPage","@id":"https:\/\/yogafolks.se\/sv\/medlemskap","url":"https:\/\/yogafolks.se\/sv\/medlemskap","name":"Medlemskap - Yoga Folks","isPartOf":{"@id":"https:\/\/yogafolks.se\/sv#website"},"datePublished":"2024-01-22T17:19:12+00:00","dateModified":"2025-11-06T10:53:52+00:00","description":"Kolla in v\u00e5ra grymma medlemskapserbjudanden! Ta chansen eller \u00e5ngra dig senare, wild child. Alla medlemskap kvalificerar f\u00f6r friskv\u00e5rdsbidrag.","breadcrumb":{"@id":"https:\/\/yogafolks.se\/sv\/medlemskap#breadcrumb"},"inLanguage":"sv-SE","potentialAction":[{"@type":"ReadAction","target":["https:\/\/yogafolks.se\/sv\/medlemskap"]}]},{"@type":"BreadcrumbList","@id":"https:\/\/yogafolks.se\/sv\/medlemskap#breadcrumb","itemListElement":[{"@type":"ListItem","position":1,"name":"Home","item":"https:\/\/yogafolks.se\/sv"},{"@type":"ListItem","position":2,"name":"Medlemskap"}]},{"@type":"WebSite","@id":"https:\/\/yogafolks.se\/sv#website","url":"https:\/\/yogafolks.se\/sv","name":"Yoga Folks","description":"Yogastudio p\u00e5 S\u00f6dermalm i Stockholm","publisher":{"@id":"https:\/\/yogafolks.se\/sv#organization"},"potentialAction":[{"@type":"SearchAction","target":{"@type":"EntryPoint","urlTemplate":"https:\/\/yogafolks.se\/sv?s={search_term_string}"},"query-input":{"@type":"PropertyValueSpecification","valueRequired":true,"valueName":"search_term_string"}}],"inLanguage":"sv-SE"},{"@type":"Organization","@id":"https:\/\/yogafolks.se\/sv#organization","name":"Yoga Folks","url":"https:\/\/yogafolks.se\/sv","logo":{"@type":"ImageObject","inLanguage":"sv-SE","@id":"https:\/\/yogafolks.se\/sv#\/schema\/logo\/image\/","url":"https:\/\/yogafolks.se\/wp-content\/uploads\/YogaFolks_Logo_LockUp_500px_CMYK.png","contentUrl":"https:\/\/yogafolks.se\/wp-content\/uploads\/YogaFolks_Logo_LockUp_500px_CMYK.png","width":500,"height":480,"caption":"Yoga Folks"},"image":{"@id":"https:\/\/yogafolks.se\/sv#\/schema\/logo\/image\/"},"sameAs":["https:\/\/www.facebook.com\/yogafolks","https:\/\/www.instagram.com\/yogafolkssthlm\/"]}]}},"publishpress_future_workflow_manual_trigger":{"enabledWorkflows":[]},"_links":{"self":[{"href":"https:\/\/yogafolks.se\/sv\/wp-json\/wp\/v2\/pages\/3249","targetHints":{"allow":["GET"]}}],"collection":[{"href":"https:\/\/yogafolks.se\/sv\/wp-json\/wp\/v2\/pages"}],"about":[{"href":"https:\/\/yogafolks.se\/sv\/wp-json\/wp\/v2\/types\/page"}],"author":[{"embeddable":true,"href":"https:\/\/yogafolks.se\/sv\/wp-json\/wp\/v2\/users\/1"}],"replies":[{"embeddable":true,"href":"https:\/\/yogafolks.se\/sv\/wp-json\/wp\/v2\/comments?post=3249"}],"version-history":[{"count":18,"href":"https:\/\/yogafolks.se\/sv\/wp-json\/wp\/v2\/pages\/3249\/revisions"}],"predecessor-version":[{"id":5717,"href":"https:\/\/yogafolks.se\/sv\/wp-json\/wp\/v2\/pages\/3249\/revisions\/5717"}],"wp:attachment":[{"href":"https:\/\/yogafolks.se\/sv\/wp-json\/wp\/v2\/media?parent=3249"}],"curies":[{"name":"wp","href":"https:\/\/api.w.org\/{rel}","templated":true}]}}