{"id":3259,"date":"2024-09-12T15:27:22","date_gmt":"2024-09-12T13:27:22","guid":{"rendered":"https:\/\/yogafolks.se\/ljusterapi"},"modified":"2025-01-29T09:04:55","modified_gmt":"2025-01-29T08:04:55","slug":"ljusterapi","status":"publish","type":"page","link":"https:\/\/yogafolks.se\/sv\/ljusterapi","title":{"rendered":"Ljusterapi"},"content":{"rendered":"<section class=\"l-section wpb_row us_custom_057801f8 height_auto width_full color_primary\"><div class=\"l-section-h i-cf\"><div class=\"g-cols vc_row via_grid cols_1 laptops-cols_inherit tablets-cols_inherit mobiles-cols_1 valign_top type_default stacking_default\"><div class=\"wpb_column vc_column_container\"><div class=\"vc_column-inner\"><div class=\"w-post-elm post_image has_ratio\"><img loading=\"lazy\" decoding=\"async\" width=\"2560\" height=\"1707\" src=\"https:\/\/yogafolks.se\/wp-content\/uploads\/light-therapy-scaled-2.webp\" class=\"attachment-full size-full wp-post-image\" alt=\"Light Therapy\" \/><div style=\"padding-bottom:42.8571%\"><\/div><\/div><\/div><\/div><\/div><\/div><\/section><section class=\"l-section wpb_row us_custom_057801f8 height_medium color_primary\"><div class=\"l-section-h i-cf\"><div class=\"g-cols vc_row via_grid cols_2-1 laptops-cols_inherit tablets-cols_inherit mobiles-cols_1 valign_top type_default reversed stacking_default\"><div class=\"wpb_column vc_column_container\"><div class=\"vc_column-inner\"><div class=\"wpb_text_column us_custom_a574d586 ohno has_text_color\"><div class=\"wpb_wrapper\"><h1><strong>Ljusterapi <\/strong><\/h1>\n<\/div><\/div><div class=\"w-separator size_medium\"><\/div><div class=\"wpb_text_column us_custom_a574d586 has_text_color\"><div class=\"wpb_wrapper\"><h4><b>Ljusterapi \u2013 Ladda kropp och sinne hos Yoga Folks<\/b><\/h4>\n<p>N\u00e4r den m\u00f6rka svenska vintern sveper in \u00e4r det l\u00e4tt att k\u00e4nna hur energin och hum\u00f6ret dalar. F\u00f6rest\u00e4ll dig att kliva in i ett rum fyllt av varmt ljus, luta dig tillbaka i en solstol, l\u00e4sa din favoritbok och dr\u00f6mma dig bort till en tropisk strand. L\u00e5ter h\u00e4rligt, eller hur? Hej d\u00e4r, sols\u00f6kare \u2013 vi har dig! Hos oss kan du glida in i v\u00e5rt soldr\u00e4nkta rum, omfamnas av 30\u00b0C v\u00e4rme och f\u00f6rsvinna fr\u00e5n vardagen f\u00f6r en stund \u2013 inga deadlines, inga mejl, bara ren avkoppling. En minisemester mitt i Stockholm, helt utan flygbiljett.     <\/p>\n<p>Ta med en v\u00e4n, njut av en fika och l\u00e5t din kropp fyllas med efterl\u00e4ngtad Vitamin D.<\/p>\n<p>Fr\u00e5n oktober till mars v\u00e4rmer vi upp f\u00f6r att hj\u00e4lpa dig skaka av vintermelankolin. Oavsett om du beh\u00f6ver mer energi, b\u00e4ttre s\u00f6mn eller bara en rofylld paus fr\u00e5n de m\u00f6rka dagarna, finns v\u00e5r ljusterapi h\u00e4r f\u00f6r dig. <\/p>\n<p>Vi anv\u00e4nder infrar\u00f6tt ljus som \u00f6kar v\u00e4rme och blodcirkulation samt UV-B-ljus som stimulerar vitamin D-produktionen och balanserar melatoninniv\u00e5erna.<\/p>\n<\/div><\/div><div class=\"w-separator size_medium\"><\/div><div class=\"wpb_text_column us_custom_a574d586 ohno has_text_color\"><div class=\"wpb_wrapper\"><h4><b>F\u00f6rdelar med ljusterapi<\/b><\/h4>\n<\/div><\/div><div class=\"w-separator us_custom_a574d586 has_text_color size_medium\"><\/div><div class=\"wpb_text_column us_custom_a574d586 has_text_color\"><div class=\"wpb_wrapper\"><p><strong>Boosta ditt hum\u00f6r och dina energiniv\u00e5er<\/strong><br \/>\nUnder de m\u00f6rka, kalla vinterm\u00e5naderna \u00e4r det vanligt att k\u00e4nna sig tr\u00f6tt och lite nedst\u00e4md. Ljusterapi hj\u00e4lper till genom att \u00f6ka serotoninproduktionen \u2013 ofta kallad &#8220;lyckohormonet&#8221; \u2013 som lyfter ditt hum\u00f6r och hj\u00e4lper till att bek\u00e4mpa vinterblues. Att tillbringa tid i v\u00e5rt ljusterapirum kan hj\u00e4lpa dig att k\u00e4nna dig mer alert och vaken, vilket lindrar den k\u00e4nsla av tyngd som ofta kommer med \u00e5rstiden. <strong>Lindra s\u00e4songsbetonad affektiv st\u00f6rning (SAD)<\/strong><br \/>\nMed mindre naturligt solljus under vintern drabbas m\u00e5nga m\u00e4nniskor i Sverige av Seasonal Affective Disorder (SAD). De specifika v\u00e5gl\u00e4ngderna av ljus som anv\u00e4nds i v\u00e5ra terapisessioner har visat sig minska symtomen p\u00e5 SAD, vilket hj\u00e4lper dig att k\u00e4nna dig mer som dig sj\u00e4lv igen. Ljusstyrkan och v\u00e4rmen skapar en k\u00e4nsla av sommar, \u00e4ven n\u00e4r himlen utanf\u00f6r \u00e4r gr\u00e5. <strong>F\u00f6rb\u00e4ttra din s\u00f6mn<\/strong><br \/>\nLjusterapi hj\u00e4lper till att reglera kroppens produktion av melatonin, hormonet som \u00e4r ansvarigt f\u00f6r din s\u00f6mn- och vakencykel. F\u00f6r dem som k\u00e4mpar med s\u00f6mnl\u00f6shet eller st\u00f6rda s\u00f6mnm\u00f6nster kan tid i ljusterapirummet hj\u00e4lpa till att \u00e5terst\u00e4lla din naturliga rytm, vilket leder till b\u00e4ttre vila och en fr\u00e4sch k\u00e4nsla under hela dagen. <strong>St\u00f6djer hud- och ledh\u00e4lsa<\/strong><br \/>\nLjusterapi handlar inte bara om ditt hum\u00f6r \u2013 det kan ocks\u00e5 gynna din hud och dina leder. Specifika ljusv\u00e5gl\u00e4ngder minskar inflammation, fr\u00e4mjar l\u00e4kning och f\u00f6rb\u00e4ttrar hudtillst\u00e5nd. Det \u00e4r ett naturligt s\u00e4tt att hantera obehag, utan biverkningar fr\u00e5n mediciner. Produktion<br \/>\n <strong>av D-vitamin<\/strong>Under vinterm\u00e5naderna, n\u00e4r solen inte \u00e4r tillr\u00e4ckligt stark f\u00f6r att ge oss det D-vitamin vi beh\u00f6ver, tr\u00e4der ljusterapi in f\u00f6r att fylla det gapet. Bara en timme i v\u00e5rt ljusterapirum kan stimulera produktionen av detta essentiella vitamin, som \u00e4r avg\u00f6rande f\u00f6r ditt immunf\u00f6rsvar och allm\u00e4nna v\u00e4lbefinnande.  <\/p>\n<p><a href=\"https:\/\/sunwell.se\/spa-wellness\/fordelar\/\"><em>K\u00e4lla<\/em><\/a><\/p>\n<\/div><\/div><\/div><\/div><div class=\"wpb_column vc_column_container type_sticky\"><div class=\"vc_column-inner\"><div class=\"wpb_text_column us_custom_a574d586 has_text_color\"><div class=\"wpb_wrapper\"><h4>Praktisk info<\/h4>\n<ul>\n<li><strong>Sessionens l\u00e4ngd:<\/strong> 1 timme<\/li>\n<li><strong>Temperatur<\/strong> +30\u00b0C<\/li>\n<li><strong>Vad du beh\u00f6ver ta med: <\/strong>Ta g\u00e4rna med en egen handduk att l\u00e4gga p\u00e5 stolen eller anv\u00e4nda som kudde under din session.<\/li>\n<li><strong>V\u00e5r etikett:<\/strong> Vi ber dig att respektera den lugna och rogivande atmosf\u00e4ren \u2013 undvik att prata eller arbeta under din session.<\/li>\n<\/ul>\n<\/div><\/div><div class=\"w-separator size_small\"><\/div><div class=\"w-btn-wrapper align_center\"><a class=\"w-btn us-btn-style_2\" href=\"https:\/\/yogafolks.se\/sv\/schema\"><span class=\"w-btn-label\">BOKA<\/span><\/a><\/div><\/div><\/div><\/div><\/div><\/section><section class=\"l-section wpb_row height_medium color_alternate\"><div class=\"l-section-h i-cf\"><div class=\"g-cols vc_row via_grid cols_1 laptops-cols_inherit tablets-cols_inherit mobiles-cols_1 valign_top type_default stacking_default\"><div class=\"wpb_column vc_column_container\"><div class=\"vc_column-inner\"><div class=\"w-grid us_carousel us_custom_cb6e5b43 type_carousel layout_gallery_default preload_style_spinner\" id=\"us_grid_1\"><style>.layout_gallery_default .w-grid-item-h{}<\/style><div class=\"w-grid-list owl-carousel valign_stretch dotstyle_circle navstyle_circle arrows-ver-pos_middle arrows-hor-pos_on_sides_outside arrows-disabled_hide owl-responsive-2000 autoheight with_arrows\" style=\"--transition-duration:350ms;--arrows-size:1.5rem;--arrows-hor-offset:calc(30px + 0px);--arrows-gap:10px;\">\t<article class=\"w-grid-item post-2836 attachment type-attachment status-inherit hentry\" data-id=\"2836\">\r\n\t\t<div class=\"w-grid-item-h\">\r\n\t\t\t\t\t\t<div class=\"w-post-elm post_image usg_post_image_1 stretched\"><img loading=\"lazy\" decoding=\"async\" width=\"1024\" height=\"768\" src=\"https:\/\/yogafolks.se\/wp-content\/uploads\/IMG_1134-3-1024x768.jpg\" class=\"attachment-large size-large\" alt=\"\" srcset=\"https:\/\/yogafolks.se\/wp-content\/uploads\/IMG_1134-3-1024x768.jpg 1024w, https:\/\/yogafolks.se\/wp-content\/uploads\/IMG_1134-3-300x225.jpg 300w, https:\/\/yogafolks.se\/wp-content\/uploads\/IMG_1134-3-600x450.jpg 600w\" sizes=\"auto, (max-width: 1024px) 100vw, 1024px\" \/><\/div>\t\t<\/div>\r\n\t\t\t<\/article>\r\n\t<article class=\"w-grid-item post-2808 attachment type-attachment status-inherit hentry\" data-id=\"2808\">\r\n\t\t<div class=\"w-grid-item-h\">\r\n\t\t\t\t\t\t<div class=\"w-post-elm post_image usg_post_image_1 stretched\"><img loading=\"lazy\" decoding=\"async\" width=\"920\" height=\"1024\" src=\"https:\/\/yogafolks.se\/wp-content\/uploads\/LIGHT-THERAPY-2-scaled-e1729756355750-920x1024.jpg\" class=\"attachment-large size-large\" alt=\"\" srcset=\"https:\/\/yogafolks.se\/wp-content\/uploads\/LIGHT-THERAPY-2-scaled-e1729756355750-920x1024.jpg 920w, https:\/\/yogafolks.se\/wp-content\/uploads\/LIGHT-THERAPY-2-scaled-e1729756355750-270x300.jpg 270w, https:\/\/yogafolks.se\/wp-content\/uploads\/LIGHT-THERAPY-2-scaled-e1729756355750-539x600.jpg 539w, https:\/\/yogafolks.se\/wp-content\/uploads\/LIGHT-THERAPY-2-scaled-e1729756355750.jpg 1706w\" sizes=\"auto, (max-width: 920px) 100vw, 920px\" \/><\/div>\t\t<\/div>\r\n\t\t\t<\/article>\r\n\t<article class=\"w-grid-item post-2835 attachment type-attachment status-inherit hentry\" data-id=\"2835\">\r\n\t\t<div class=\"w-grid-item-h\">\r\n\t\t\t\t\t\t<div class=\"w-post-elm post_image usg_post_image_1 stretched\"><img loading=\"lazy\" decoding=\"async\" width=\"1024\" height=\"789\" src=\"https:\/\/yogafolks.se\/wp-content\/uploads\/IMG_1121-scaled-e1729756291906-1024x789.jpg\" class=\"attachment-large size-large\" alt=\"\" srcset=\"https:\/\/yogafolks.se\/wp-content\/uploads\/IMG_1121-scaled-e1729756291906-1024x789.jpg 1024w, https:\/\/yogafolks.se\/wp-content\/uploads\/IMG_1121-scaled-e1729756291906-300x231.jpg 300w, https:\/\/yogafolks.se\/wp-content\/uploads\/IMG_1121-scaled-e1729756291906-600x463.jpg 600w, https:\/\/yogafolks.se\/wp-content\/uploads\/IMG_1121-scaled-e1729756291906.jpg 1920w\" sizes=\"auto, (max-width: 1024px) 100vw, 1024px\" \/><\/div>\t\t<\/div>\r\n\t\t\t<\/article>\r\n\t<article class=\"w-grid-item post-2633 attachment type-attachment status-inherit hentry\" data-id=\"2633\">\r\n\t\t<div class=\"w-grid-item-h\">\r\n\t\t\t\t\t\t<div class=\"w-post-elm post_image usg_post_image_1 stretched\"><img loading=\"lazy\" decoding=\"async\" width=\"1024\" height=\"683\" src=\"https:\/\/yogafolks.se\/wp-content\/uploads\/0K1A0988-1024x683.jpg\" class=\"attachment-large size-large\" alt=\"\" srcset=\"https:\/\/yogafolks.se\/wp-content\/uploads\/0K1A0988-1024x683.jpg 1024w, https:\/\/yogafolks.se\/wp-content\/uploads\/0K1A0988-300x200.jpg 300w, https:\/\/yogafolks.se\/wp-content\/uploads\/0K1A0988-600x400.jpg 600w\" sizes=\"auto, (max-width: 1024px) 100vw, 1024px\" \/><\/div>\t\t<\/div>\r\n\t\t\t<\/article>\r\n\t<article class=\"w-grid-item post-2505 attachment type-attachment status-inherit hentry\" data-id=\"2505\">\r\n\t\t<div class=\"w-grid-item-h\">\r\n\t\t\t\t\t\t<div class=\"w-post-elm post_image usg_post_image_1 stretched\"><img loading=\"lazy\" decoding=\"async\" width=\"1024\" height=\"583\" src=\"https:\/\/yogafolks.se\/wp-content\/uploads\/IMG_7648-1230x700-1-1024x583.jpg\" class=\"attachment-large size-large\" alt=\"\" srcset=\"https:\/\/yogafolks.se\/wp-content\/uploads\/IMG_7648-1230x700-1-1024x583.jpg 1024w, https:\/\/yogafolks.se\/wp-content\/uploads\/IMG_7648-1230x700-1-300x171.jpg 300w, https:\/\/yogafolks.se\/wp-content\/uploads\/IMG_7648-1230x700-1.jpg 1230w\" sizes=\"auto, (max-width: 1024px) 100vw, 1024px\" \/><\/div>\t\t<\/div>\r\n\t\t\t<\/article>\r\n<\/div><div class=\"w-grid-carousel-json hidden\" onclick='return {&quot;carousel_settings&quot;:{&quot;aria_labels&quot;:{&quot;prev&quot;:&quot;F\\u00f6reg\\u00e5ende&quot;,&quot;next&quot;:&quot;N\\u00e4sta&quot;},&quot;autoplayContinual&quot;:false,&quot;autoplayHoverPause&quot;:false,&quot;autoplayTimeout&quot;:3000,&quot;autoWidth&quot;:false,&quot;smartSpeed&quot;:350,&quot;margin&quot;:0,&quot;mouseDrag&quot;:true,&quot;rtl&quot;:false,&quot;slideBy&quot;:&quot;1&quot;,&quot;touchDrag&quot;:true,&quot;slideTransition&quot;:&quot;&quot;,&quot;animateIn&quot;:&quot;fadeIn&quot;,&quot;animateOut&quot;:&quot;fadeOut&quot;,&quot;responsive&quot;:{&quot;0&quot;:{&quot;autoHeight&quot;:true,&quot;autoplay&quot;:true,&quot;autoWidth&quot;:false,&quot;center&quot;:false,&quot;dots&quot;:false,&quot;items&quot;:1,&quot;loop&quot;:true,&quot;nav&quot;:false,&quot;stagePadding&quot;:0,&quot;slideBy&quot;:&quot;1&quot;},&quot;601&quot;:{&quot;autoHeight&quot;:true,&quot;autoplay&quot;:true,&quot;autoWidth&quot;:false,&quot;center&quot;:false,&quot;dots&quot;:false,&quot;items&quot;:1,&quot;loop&quot;:true,&quot;nav&quot;:true,&quot;stagePadding&quot;:0,&quot;slideBy&quot;:&quot;1&quot;},&quot;1025&quot;:{&quot;autoHeight&quot;:true,&quot;autoplay&quot;:true,&quot;autoWidth&quot;:false,&quot;center&quot;:false,&quot;dots&quot;:false,&quot;items&quot;:1,&quot;loop&quot;:true,&quot;nav&quot;:true,&quot;stagePadding&quot;:0,&quot;slideBy&quot;:&quot;1&quot;},&quot;1381&quot;:{&quot;items&quot;:1,&quot;autoplay&quot;:true,&quot;center&quot;:false,&quot;dots&quot;:false,&quot;nav&quot;:true,&quot;autoHeight&quot;:true,&quot;autoWidth&quot;:false,&quot;loop&quot;:true,&quot;stagePadding&quot;:0}}}}'><\/div><\/div><div class=\"w-image us_custom_8dd52772 rotate align_none\"><div class=\"w-image-h\"><img decoding=\"async\" width=\"600\" height=\"601\" src=\"https:\/\/yogafolks.se\/wp-content\/uploads\/yogafolks.png\" class=\"attachment-full size-full\" alt=\"\" loading=\"lazy\" srcset=\"https:\/\/yogafolks.se\/wp-content\/uploads\/yogafolks.png 600w, https:\/\/yogafolks.se\/wp-content\/uploads\/yogafolks-300x300.png 300w, https:\/\/yogafolks.se\/wp-content\/uploads\/yogafolks-150x150.png 150w\" sizes=\"auto, (max-width: 600px) 100vw, 600px\" \/><\/div><\/div><\/div><\/div><\/div><\/div><\/section>\n","protected":false},"excerpt":{"rendered":"","protected":false},"author":2,"featured_media":4067,"parent":0,"menu_order":0,"comment_status":"closed","ping_status":"closed","template":"","meta":{"_acf_changed":false,"footnotes":""},"class_list":["post-3259","page","type-page","status-publish","has-post-thumbnail","hentry"],"acf":[],"yoast_head":"<!-- This site is optimized with the Yoast SEO plugin v27.5 - https:\/\/yoast.com\/product\/yoast-seo-wordpress\/ -->\n<title>Ljusterapi - Yoga Folks<\/title>\n<meta name=\"description\" content=\"Ladda om med ljusterapi hos Yoga Folks p\u00e5 S\u00f6dermalm, Stockholm. Fyll p\u00e5 med v\u00e4rme, h\u00f6j energin och lys upp de m\u00f6rka vinterdagarna.\" \/>\n<meta name=\"robots\" content=\"index, follow, max-snippet:-1, max-image-preview:large, max-video-preview:-1\" \/>\n<link rel=\"canonical\" href=\"https:\/\/yogafolks.se\/sv\/ljusterapi\" \/>\n<meta property=\"og:locale\" content=\"sv_SE\" \/>\n<meta property=\"og:type\" content=\"article\" \/>\n<meta property=\"og:title\" content=\"Ljusterapi - Yoga Folks\" \/>\n<meta property=\"og:description\" content=\"Ladda om med ljusterapi hos Yoga Folks p\u00e5 S\u00f6dermalm, Stockholm. Fyll p\u00e5 med v\u00e4rme, h\u00f6j energin och lys upp de m\u00f6rka vinterdagarna.\" \/>\n<meta property=\"og:url\" content=\"https:\/\/yogafolks.se\/sv\/ljusterapi\" \/>\n<meta property=\"og:site_name\" content=\"Yoga Folks\" \/>\n<meta property=\"article:publisher\" content=\"https:\/\/www.facebook.com\/yogafolks\" \/>\n<meta property=\"article:modified_time\" content=\"2025-01-29T08:04:55+00:00\" \/>\n<meta property=\"og:image\" content=\"https:\/\/nino.se.vkube.cloud\/wp-content\/uploads\/light-therapy-scaled.jpg\" \/>\n\t<meta property=\"og:image:width\" content=\"2560\" \/>\n\t<meta property=\"og:image:height\" content=\"1707\" \/>\n\t<meta property=\"og:image:type\" content=\"image\/jpeg\" \/>\n<meta name=\"twitter:card\" content=\"summary_large_image\" \/>\n<meta name=\"twitter:label1\" content=\"Ber\u00e4knad l\u00e4stid\" \/>\n\t<meta name=\"twitter:data1\" content=\"5 minuter\" \/>\n<!-- \/ Yoast SEO plugin. -->","yoast_head_json":{"title":"Ljusterapi - Yoga Folks","description":"Ladda om med ljusterapi hos Yoga Folks p\u00e5 S\u00f6dermalm, Stockholm. Fyll p\u00e5 med v\u00e4rme, h\u00f6j energin och lys upp de m\u00f6rka vinterdagarna.","robots":{"index":"index","follow":"follow","max-snippet":"max-snippet:-1","max-image-preview":"max-image-preview:large","max-video-preview":"max-video-preview:-1"},"canonical":"https:\/\/yogafolks.se\/sv\/ljusterapi","og_locale":"sv_SE","og_type":"article","og_title":"Ljusterapi - Yoga Folks","og_description":"Ladda om med ljusterapi hos Yoga Folks p\u00e5 S\u00f6dermalm, Stockholm. Fyll p\u00e5 med v\u00e4rme, h\u00f6j energin och lys upp de m\u00f6rka vinterdagarna.","og_url":"https:\/\/yogafolks.se\/sv\/ljusterapi","og_site_name":"Yoga Folks","article_publisher":"https:\/\/www.facebook.com\/yogafolks","article_modified_time":"2025-01-29T08:04:55+00:00","og_image":[{"width":2560,"height":1707,"url":"https:\/\/nino.se.vkube.cloud\/wp-content\/uploads\/light-therapy-scaled.jpg","type":"image\/jpeg"}],"twitter_card":"summary_large_image","twitter_misc":{"Ber\u00e4knad l\u00e4stid":"5 minuter"},"schema":{"@context":"https:\/\/schema.org","@graph":[{"@type":"WebPage","@id":"https:\/\/yogafolks.se\/sv\/ljusterapi","url":"https:\/\/yogafolks.se\/sv\/ljusterapi","name":"Ljusterapi - Yoga Folks","isPartOf":{"@id":"https:\/\/yogafolks.se\/sv#website"},"primaryImageOfPage":{"@id":"https:\/\/yogafolks.se\/sv\/ljusterapi#primaryimage"},"image":{"@id":"https:\/\/yogafolks.se\/sv\/ljusterapi#primaryimage"},"thumbnailUrl":"https:\/\/yogafolks.se\/wp-content\/uploads\/light-therapy-scaled-2.webp","datePublished":"2024-09-12T13:27:22+00:00","dateModified":"2025-01-29T08:04:55+00:00","description":"Ladda om med ljusterapi hos Yoga Folks p\u00e5 S\u00f6dermalm, Stockholm. Fyll p\u00e5 med v\u00e4rme, h\u00f6j energin och lys upp de m\u00f6rka vinterdagarna.","breadcrumb":{"@id":"https:\/\/yogafolks.se\/sv\/ljusterapi#breadcrumb"},"inLanguage":"sv-SE","potentialAction":[{"@type":"ReadAction","target":["https:\/\/yogafolks.se\/sv\/ljusterapi"]}]},{"@type":"ImageObject","inLanguage":"sv-SE","@id":"https:\/\/yogafolks.se\/sv\/ljusterapi#primaryimage","url":"https:\/\/yogafolks.se\/wp-content\/uploads\/light-therapy-scaled-2.webp","contentUrl":"https:\/\/yogafolks.se\/wp-content\/uploads\/light-therapy-scaled-2.webp","width":2560,"height":1707,"caption":"Light Therapy"},{"@type":"BreadcrumbList","@id":"https:\/\/yogafolks.se\/sv\/ljusterapi#breadcrumb","itemListElement":[{"@type":"ListItem","position":1,"name":"Home","item":"https:\/\/yogafolks.se\/sv"},{"@type":"ListItem","position":2,"name":"Ljusterapi"}]},{"@type":"WebSite","@id":"https:\/\/yogafolks.se\/sv#website","url":"https:\/\/yogafolks.se\/sv","name":"Yoga Folks","description":"Yogastudio p\u00e5 S\u00f6dermalm i Stockholm","publisher":{"@id":"https:\/\/yogafolks.se\/sv#organization"},"potentialAction":[{"@type":"SearchAction","target":{"@type":"EntryPoint","urlTemplate":"https:\/\/yogafolks.se\/sv?s={search_term_string}"},"query-input":{"@type":"PropertyValueSpecification","valueRequired":true,"valueName":"search_term_string"}}],"inLanguage":"sv-SE"},{"@type":"Organization","@id":"https:\/\/yogafolks.se\/sv#organization","name":"Yoga Folks","url":"https:\/\/yogafolks.se\/sv","logo":{"@type":"ImageObject","inLanguage":"sv-SE","@id":"https:\/\/yogafolks.se\/sv#\/schema\/logo\/image\/","url":"https:\/\/yogafolks.se\/wp-content\/uploads\/YogaFolks_Logo_LockUp_500px_CMYK.png","contentUrl":"https:\/\/yogafolks.se\/wp-content\/uploads\/YogaFolks_Logo_LockUp_500px_CMYK.png","width":500,"height":480,"caption":"Yoga Folks"},"image":{"@id":"https:\/\/yogafolks.se\/sv#\/schema\/logo\/image\/"},"sameAs":["https:\/\/www.facebook.com\/yogafolks","https:\/\/www.instagram.com\/yogafolkssthlm\/"]}]}},"publishpress_future_workflow_manual_trigger":{"enabledWorkflows":[]},"_links":{"self":[{"href":"https:\/\/yogafolks.se\/sv\/wp-json\/wp\/v2\/pages\/3259","targetHints":{"allow":["GET"]}}],"collection":[{"href":"https:\/\/yogafolks.se\/sv\/wp-json\/wp\/v2\/pages"}],"about":[{"href":"https:\/\/yogafolks.se\/sv\/wp-json\/wp\/v2\/types\/page"}],"author":[{"embeddable":true,"href":"https:\/\/yogafolks.se\/sv\/wp-json\/wp\/v2\/users\/2"}],"replies":[{"embeddable":true,"href":"https:\/\/yogafolks.se\/sv\/wp-json\/wp\/v2\/comments?post=3259"}],"version-history":[{"count":2,"href":"https:\/\/yogafolks.se\/sv\/wp-json\/wp\/v2\/pages\/3259\/revisions"}],"predecessor-version":[{"id":3261,"href":"https:\/\/yogafolks.se\/sv\/wp-json\/wp\/v2\/pages\/3259\/revisions\/3261"}],"wp:featuredmedia":[{"embeddable":true,"href":"https:\/\/yogafolks.se\/sv\/wp-json\/wp\/v2\/media\/4067"}],"wp:attachment":[{"href":"https:\/\/yogafolks.se\/sv\/wp-json\/wp\/v2\/media?parent=3259"}],"curies":[{"name":"wp","href":"https:\/\/api.w.org\/{rel}","templated":true}]}}