{"id":3274,"date":"2024-01-22T09:41:59","date_gmt":"2024-01-22T08:41:59","guid":{"rendered":"https:\/\/yogafolks.se\/utbildningar"},"modified":"2026-03-05T11:13:23","modified_gmt":"2026-03-05T10:13:23","slug":"utbildningar","status":"publish","type":"page","link":"https:\/\/yogafolks.se\/sv\/utbildningar","title":{"rendered":"Utbildningar"},"content":{"rendered":"<section class=\"l-section wpb_row us_custom_c70c97eb height_medium width_custom color_alternate\" style=\"--site-content-width:900px;\"><div class=\"l-section-h i-cf\"><div class=\"g-cols vc_row via_grid cols_1 laptops-cols_inherit tablets-cols_inherit mobiles-cols_1 valign_top type_default stacking_default\"><div class=\"wpb_column vc_column_container\"><div class=\"vc_column-inner\"><div class=\"wpb_text_column ohno\"><div class=\"wpb_wrapper\"><h1 style=\"text-align: center;\">Yoga\u00adl\u00e4rar\u00adutbildningar<\/h1>\n<\/div><\/div><div class=\"w-separator size_small\"><\/div><div class=\"wpb_text_column us_custom_2e9da019\"><div class=\"wpb_wrapper\"><p style=\"text-align: center;\">Vi dricker girigt ur kunskapens k\u00e4lla. Utforska v\u00e5ra ber\u00f6mda 250h Vinyasa Krama yoga l\u00e4rarutbildning, samt v\u00e5r 300h vidareutbildning f\u00f6r yogal\u00e4rare. V\u00e4lj din godbit och v\u00e4lkomna f\u00f6rvandlingen som kommer att f\u00f6lja!<\/p>\n<\/div><\/div><div class=\"w-separator size_small\"><\/div><div class=\"w-grid us_grid type_grid layout_225 cols_2 overflow_hidden preload_style_spinner\" id=\"us_grid_1\" style=\"--columns:2;--gap:10px;\" data-filterable=\"true\"><style>@media (max-width:600px){#us_grid_1{--columns:1!important}}.layout_225 .w-grid-item-h{background:#8ABEAC;color:#000000;border-radius:0.3rem;box-shadow:0 0.03rem 0.06rem rgba(0,0,0,0.1),0 0.1rem 0.3rem rgba(0,0,0,0.1);transition-duration:0.3s}.no-touch .layout_225 .w-grid-item-h:hover{box-shadow:0 0.12rem 0.24rem rgba(0,0,0,0.1),0 0.4rem 1.2rem rgba(0,0,0,0.15);z-index:4}.layout_225 .usg_vwrapper_1{min-height:160px!important;padding:5% 8% 8% 8%!important}.layout_225 .usg_hwrapper_1{margin-bottom:0.4rem!important}.layout_225 .usg_post_title_1{color:inherit!important;font-weight:700!important;font-size:1.4rem!important}.layout_225 .usg_post_custom_field_1{font-size:0.8rem!important}.layout_225 .usg_post_custom_field_2{font-size:0.8rem!important}@media (max-width:600px){.layout_225 .usg_post_title_1{font-size:1.2rem!important}}<\/style><div class=\"w-grid-list\">\t<article class=\"w-grid-item size_1x1 post-447 post type-post status-publish format-standard has-post-thumbnail hentry category-trainings tag-isabell-johansson tag-josephin-westerlund\" data-id=\"447\">\r\n\t\t<div class=\"w-grid-item-h\">\r\n\t\t\t\t\t\t\t<a href=\"https:\/\/yogafolks.se\/sv\/trainings\/250-hour-vinyasa-krama-yoga-teacher-training\" class=\"w-grid-item-anchor\" aria-label=\"Your first training if you want to become a yoga teacher, or deep dive as a student.\"><\/a>\r\n\t\t\t\t\t\t<div class=\"w-post-elm post_image usg_post_image_1 has_ratio\"><img loading=\"lazy\" decoding=\"async\" width=\"1024\" height=\"503\" src=\"https:\/\/yogafolks.se\/wp-content\/uploads\/250h.webp\" class=\"attachment-large size-large wp-post-image\" alt=\"\" \/><div style=\"padding-bottom:56.25%\"><\/div><\/div><div class=\"w-vwrapper usg_vwrapper_1 align_none valign_top\"><div class=\"w-hwrapper usg_hwrapper_1 align_justify valign_top wrap\"><div class=\"w-post-elm post_custom_field usg_post_custom_field_1 type_text activity_instructor color_link_inherit\"><span class=\"w-post-elm-value\">Josephin Westerlund, Isabell Johansson<\/span><\/div><div class=\"w-post-elm post_custom_field usg_post_custom_field_2 type_text activity_date color_link_inherit\"><span class=\"w-post-elm-value\">30\/9 2026<\/span><\/div><\/div><h2 class=\"w-post-elm post_title usg_post_title_1 has_text_color entry-title color_link_inherit\">Your first training if you want to become a yoga teacher, or deep dive as a student.<\/h2><\/div>\t\t<\/div>\r\n\t\t\t<\/article>\r\n\t<article class=\"w-grid-item size_1x1 post-3283 post type-post status-publish format-standard has-post-thumbnail hentry category-trainings tag-josephin-westerlund-sv\" data-id=\"3283\">\r\n\t\t<div class=\"w-grid-item-h\">\r\n\t\t\t\t\t\t\t<a href=\"https:\/\/yogafolks.se\/sv\/trainings\/300-timmars-yogalararutbildning\" class=\"w-grid-item-anchor\" aria-label=\"300 timmars yogal\u00e4rarutbildning\"><\/a>\r\n\t\t\t\t\t\t<div class=\"w-post-elm post_image usg_post_image_1 has_ratio\"><img loading=\"lazy\" decoding=\"async\" width=\"1024\" height=\"651\" src=\"https:\/\/yogafolks.se\/wp-content\/uploads\/300HR-header-1024x651-1.webp\" class=\"attachment-large size-large wp-post-image\" alt=\"Advanced Yoga Teacher Training\" \/><div style=\"padding-bottom:56.25%\"><\/div><\/div><div class=\"w-vwrapper usg_vwrapper_1 align_none valign_top\"><div class=\"w-hwrapper usg_hwrapper_1 align_justify valign_top wrap\"><div class=\"w-post-elm post_custom_field usg_post_custom_field_1 type_text activity_instructor color_link_inherit\"><span class=\"w-post-elm-value\">Josephin Westerlund<\/span><\/div><div class=\"w-post-elm post_custom_field usg_post_custom_field_2 type_text activity_date color_link_inherit\"><span class=\"w-post-elm-value\">9\/3 2025<\/span><\/div><\/div><h2 class=\"w-post-elm post_title usg_post_title_1 has_text_color entry-title color_link_inherit\">300 timmars yogal\u00e4rarutbildning<\/h2><\/div>\t\t<\/div>\r\n\t\t\t<\/article>\r\n<\/div>\t<div class=\"w-grid-preloader\">\r\n\t\t<div class=\"g-preloader type_2\">\r\n\t\t\t<div><\/div>\r\n\t\t<\/div>\r\n\t<\/div>\r\n\t\t<div class=\"w-grid-json hidden\" onclick='return {&quot;action&quot;:&quot;us_ajax_grid&quot;,&quot;infinite_scroll&quot;:0,&quot;max_num_pages&quot;:1,&quot;pagination&quot;:&quot;none&quot;,&quot;template_vars&quot;:{&quot;columns&quot;:&quot;2&quot;,&quot;exclude_items&quot;:&quot;none&quot;,&quot;img_size&quot;:&quot;default&quot;,&quot;ignore_items_size&quot;:0,&quot;items_layout&quot;:&quot;225&quot;,&quot;items_offset&quot;:&quot;1&quot;,&quot;load_animation&quot;:&quot;none&quot;,&quot;overriding_link&quot;:&quot;%7B%22type%22%3A%22post%22%7D&quot;,&quot;post_id&quot;:0,&quot;query_args&quot;:{&quot;post_type&quot;:[&quot;post&quot;],&quot;tax_query&quot;:[{&quot;taxonomy&quot;:&quot;category&quot;,&quot;field&quot;:&quot;slug&quot;,&quot;terms&quot;:[&quot;Utbildningar&quot;]}],&quot;post_status&quot;:[&quot;publish&quot;,&quot;acf-disabled&quot;],&quot;posts_per_page&quot;:999},&quot;orderby_query_args&quot;:{&quot;orderby&quot;:{&quot;date&quot;:&quot;ASC&quot;}},&quot;type&quot;:&quot;grid&quot;,&quot;us_grid_post_type&quot;:&quot;post&quot;,&quot;us_grid_ajax_index&quot;:1,&quot;us_grid_filter_query_string&quot;:null,&quot;us_grid_index&quot;:1,&quot;page_args&quot;:[],&quot;lang&quot;:&quot;sv&quot;}}'><\/div>\r\n\t<\/div><\/div><\/div><\/div><\/div><\/section>\n","protected":false},"excerpt":{"rendered":"300 timmar Certifierad yogal\u00e4rarutbildning \u00c5teruppv\u00e4ck din passion f\u00f6r att undervisa i yoga eller ta din undervisning till en djupare niv\u00e5 -L\u00e4gg till 300 timmar i din l\u00e4roplan -Obegr\u00e4nsat medlemskap ing\u00e5r fr\u00e5n registreringsdagen! Registrera dig och g\u00e5 med oss i denna professionella och v\u00e5rdande milj\u00f6 Ans\u00f6k nu!Vill du veta mer? H\u00e4ng med p\u00e5 v\u00e5rt n\u00e4sta kostnadsfria...","protected":false},"author":1,"featured_media":0,"parent":0,"menu_order":0,"comment_status":"closed","ping_status":"closed","template":"","meta":{"_acf_changed":false,"footnotes":""},"class_list":["post-3274","page","type-page","status-publish","hentry"],"acf":[],"yoast_head":"<!-- This site is optimized with the Yoast SEO plugin v27.4 - https:\/\/yoast.com\/product\/yoast-seo-wordpress\/ -->\n<title>Yogal\u00e4rare Utbildningar - Yoga Folks<\/title>\n<meta name=\"description\" content=\"Utforska v\u00e5ra 250h Vinyasa Krama och 300h l\u00e4rarutbildningsprogram f\u00f6r blivande och erfarna yogis som vill f\u00f6rdjupa sin praktik.\" \/>\n<meta name=\"robots\" content=\"index, follow, max-snippet:-1, max-image-preview:large, max-video-preview:-1\" \/>\n<link rel=\"canonical\" href=\"https:\/\/yogafolks.se\/sv\/utbildningar\" \/>\n<meta property=\"og:locale\" content=\"sv_SE\" \/>\n<meta property=\"og:type\" content=\"article\" \/>\n<meta property=\"og:title\" content=\"Yogal\u00e4rare Utbildningar - Yoga Folks\" \/>\n<meta property=\"og:description\" content=\"Utforska v\u00e5ra 250h Vinyasa Krama och 300h l\u00e4rarutbildningsprogram f\u00f6r blivande och erfarna yogis som vill f\u00f6rdjupa sin praktik.\" \/>\n<meta property=\"og:url\" content=\"https:\/\/yogafolks.se\/sv\/utbildningar\" \/>\n<meta property=\"og:site_name\" content=\"Yoga Folks\" \/>\n<meta property=\"article:publisher\" content=\"https:\/\/www.facebook.com\/yogafolks\" \/>\n<meta property=\"article:modified_time\" content=\"2026-03-05T10:13:23+00:00\" \/>\n<meta name=\"twitter:card\" content=\"summary_large_image\" \/>\n<meta name=\"twitter:label1\" content=\"Ber\u00e4knad l\u00e4stid\" \/>\n\t<meta name=\"twitter:data1\" content=\"1 minut\" \/>\n<!-- \/ Yoast SEO plugin. -->","yoast_head_json":{"title":"Yogal\u00e4rare Utbildningar - Yoga Folks","description":"Utforska v\u00e5ra 250h Vinyasa Krama och 300h l\u00e4rarutbildningsprogram f\u00f6r blivande och erfarna yogis som vill f\u00f6rdjupa sin praktik.","robots":{"index":"index","follow":"follow","max-snippet":"max-snippet:-1","max-image-preview":"max-image-preview:large","max-video-preview":"max-video-preview:-1"},"canonical":"https:\/\/yogafolks.se\/sv\/utbildningar","og_locale":"sv_SE","og_type":"article","og_title":"Yogal\u00e4rare Utbildningar - Yoga Folks","og_description":"Utforska v\u00e5ra 250h Vinyasa Krama och 300h l\u00e4rarutbildningsprogram f\u00f6r blivande och erfarna yogis som vill f\u00f6rdjupa sin praktik.","og_url":"https:\/\/yogafolks.se\/sv\/utbildningar","og_site_name":"Yoga Folks","article_publisher":"https:\/\/www.facebook.com\/yogafolks","article_modified_time":"2026-03-05T10:13:23+00:00","twitter_card":"summary_large_image","twitter_misc":{"Ber\u00e4knad l\u00e4stid":"1 minut"},"schema":{"@context":"https:\/\/schema.org","@graph":[{"@type":"WebPage","@id":"https:\/\/yogafolks.se\/sv\/utbildningar","url":"https:\/\/yogafolks.se\/sv\/utbildningar","name":"Yogal\u00e4rare Utbildningar - Yoga Folks","isPartOf":{"@id":"https:\/\/yogafolks.se\/sv#website"},"datePublished":"2024-01-22T08:41:59+00:00","dateModified":"2026-03-05T10:13:23+00:00","description":"Utforska v\u00e5ra 250h Vinyasa Krama och 300h l\u00e4rarutbildningsprogram f\u00f6r blivande och erfarna yogis som vill f\u00f6rdjupa sin praktik.","breadcrumb":{"@id":"https:\/\/yogafolks.se\/sv\/utbildningar#breadcrumb"},"inLanguage":"sv-SE","potentialAction":[{"@type":"ReadAction","target":["https:\/\/yogafolks.se\/sv\/utbildningar"]}]},{"@type":"BreadcrumbList","@id":"https:\/\/yogafolks.se\/sv\/utbildningar#breadcrumb","itemListElement":[{"@type":"ListItem","position":1,"name":"Home","item":"https:\/\/yogafolks.se\/sv"},{"@type":"ListItem","position":2,"name":"Utbildningar"}]},{"@type":"WebSite","@id":"https:\/\/yogafolks.se\/sv#website","url":"https:\/\/yogafolks.se\/sv","name":"Yoga Folks","description":"Yogastudio p\u00e5 S\u00f6dermalm i Stockholm","publisher":{"@id":"https:\/\/yogafolks.se\/sv#organization"},"potentialAction":[{"@type":"SearchAction","target":{"@type":"EntryPoint","urlTemplate":"https:\/\/yogafolks.se\/sv?s={search_term_string}"},"query-input":{"@type":"PropertyValueSpecification","valueRequired":true,"valueName":"search_term_string"}}],"inLanguage":"sv-SE"},{"@type":"Organization","@id":"https:\/\/yogafolks.se\/sv#organization","name":"Yoga Folks","url":"https:\/\/yogafolks.se\/sv","logo":{"@type":"ImageObject","inLanguage":"sv-SE","@id":"https:\/\/yogafolks.se\/sv#\/schema\/logo\/image\/","url":"https:\/\/yogafolks.se\/wp-content\/uploads\/YogaFolks_Logo_LockUp_500px_CMYK.png","contentUrl":"https:\/\/yogafolks.se\/wp-content\/uploads\/YogaFolks_Logo_LockUp_500px_CMYK.png","width":500,"height":480,"caption":"Yoga Folks"},"image":{"@id":"https:\/\/yogafolks.se\/sv#\/schema\/logo\/image\/"},"sameAs":["https:\/\/www.facebook.com\/yogafolks","https:\/\/www.instagram.com\/yogafolkssthlm\/"]}]}},"publishpress_future_workflow_manual_trigger":{"enabledWorkflows":[]},"_links":{"self":[{"href":"https:\/\/yogafolks.se\/sv\/wp-json\/wp\/v2\/pages\/3274","targetHints":{"allow":["GET"]}}],"collection":[{"href":"https:\/\/yogafolks.se\/sv\/wp-json\/wp\/v2\/pages"}],"about":[{"href":"https:\/\/yogafolks.se\/sv\/wp-json\/wp\/v2\/types\/page"}],"author":[{"embeddable":true,"href":"https:\/\/yogafolks.se\/sv\/wp-json\/wp\/v2\/users\/1"}],"replies":[{"embeddable":true,"href":"https:\/\/yogafolks.se\/sv\/wp-json\/wp\/v2\/comments?post=3274"}],"version-history":[{"count":6,"href":"https:\/\/yogafolks.se\/sv\/wp-json\/wp\/v2\/pages\/3274\/revisions"}],"predecessor-version":[{"id":4681,"href":"https:\/\/yogafolks.se\/sv\/wp-json\/wp\/v2\/pages\/3274\/revisions\/4681"}],"wp:attachment":[{"href":"https:\/\/yogafolks.se\/sv\/wp-json\/wp\/v2\/media?parent=3274"}],"curies":[{"name":"wp","href":"https:\/\/api.w.org\/{rel}","templated":true}]}}